{"id":1807,"date":"2022-08-22T01:44:36","date_gmt":"2022-08-22T01:44:36","guid":{"rendered":"https:\/\/colep-pk.com\/politica-de-privacidade\/"},"modified":"2022-12-15T18:53:41","modified_gmt":"2022-12-15T18:53:41","slug":"politica-de-privacidade","status":"publish","type":"page","link":"https:\/\/colep-pk.com\/pt-pt\/politica-de-privacidade\/","title":{"rendered":"Pol\u00edtica de Privacidade"},"content":{"rendered":"<p>Atualizada a 01\/07\/2021:<br \/>\nA Colep Packaging est\u00e1 presente em tr\u00eas Estados-Membros da UE (Portugal, Pol\u00f3nia e Espanha). Esta Pol\u00edtica de Privacidade da Colep Packaging detalha como as empresas da Colep Packaging utilizam, ret\u00eam e armazenam informa\u00e7\u00f5es pessoais, bem como detalham os direitos dos cidad\u00e3os da UE em rela\u00e7\u00e3o aos regulamentos de prote\u00e7\u00e3o de dados.<\/p>\n<p><strong>A. Quem somos<\/strong><br \/>\nOs dados pessoais ser\u00e3o tratados (i) pela Colep Packaging Portugal, S.A., com sede na Rua Comendador Arlindo Soares de Pinho, 1977, 3730-423 Vale de Cambra, n\u00famero de telefone + (351) 256.420.100, ou (ii) pelas suas filiais, adiante designada por \u201cColep Packaging\u201d. A Colep Packaging \u00e9 respons\u00e1vel pelas suas informa\u00e7\u00f5es pessoais (e pelo controlador para os fins do Regulamento Geral sobre Prote\u00e7\u00e3o de Dados) que a Colep Packaging recolhe de ou sobre a sua pessoa.<\/p>\n<p><strong>B. Como utilizamos as suas informa\u00e7\u00f5es pessoais?<\/strong><br \/>\nA Colep Packaging s\u00f3 trata dados pessoais sempre que necess\u00e1rio para cumprir com as obriga\u00e7\u00f5es legais que se aplicam a n\u00f3s, ou tal opera\u00e7\u00e3o de processamento \u00e9 necess\u00e1ria para a execu\u00e7\u00e3o de um contrato ou procedimentos pr\u00e9-contratuais associados a ele.<br \/>\nTamb\u00e9m podemos lidar com informa\u00e7\u00f5es se tivermos um interesse leg\u00edtimo em faz\u00ea-lo, desde que, em cada caso, o nosso interesse esteja de acordo com a lei aplic\u00e1vel e os direitos do titular dos dados; isso pode ocorrer, em particular, para comunica\u00e7\u00e3o com nossos clientes e fornecedores; recrutamento de colaboradores; preven\u00e7\u00e3o e detec\u00e7\u00e3o de fraude ou fornecimento de informa\u00e7\u00f5es sobre as atividades da Colep Packaging.<br \/>\nSe nenhuma das outras bases legais puder apoiar a opera\u00e7\u00e3o de processamento de dados, a Colep Packaging s\u00f3 tratar\u00e1 as informa\u00e7\u00f5es se tivermos obtido o consentimento do titular dos dados para tratar os seus dados pessoais para fins espec\u00edficos, expl\u00edcitos e leg\u00edtimos.<br \/>\nSomos uma organiza\u00e7\u00e3o global e podemos transferir certas informa\u00e7\u00f5es pessoais atrav\u00e9s das fronteiras geogr\u00e1ficas para as nossas subsidi\u00e1rias de acordo com a lei aplic\u00e1vel.<\/p>\n<p><strong>C. Por quanto tempo as suas informa\u00e7\u00f5es pessoais s\u00e3o retidas?<\/strong><br \/>\nA Colep Packaging manter\u00e1 as suas informa\u00e7\u00f5es pessoais por n\u00e3o mais do que o tempo necess\u00e1rio para cumprir os prop\u00f3sitos descritos nesta pol\u00edtica de privacidade, a menos que um per\u00edodo de reten\u00e7\u00e3o mais longo seja permitido por lei.<\/p>\n<p><strong>D. Seguran\u00e7a das informa\u00e7\u00f5es<\/strong><br \/>\nA seguran\u00e7a das suas informa\u00e7\u00f5es pessoais \u00e9 importante para a Colep Packaging e implementamos padr\u00f5es razo\u00e1veis de seguran\u00e7a f\u00edsica, t\u00e9cnica e administrativa para proteger as informa\u00e7\u00f5es pessoais contra perda, uso indevido, altera\u00e7\u00e3o ou destrui\u00e7\u00e3o. A Colep Packaging protege as suas informa\u00e7\u00f5es pessoais contra acesso, uso ou divulga\u00e7\u00e3o n\u00e3o autorizados, utilizando tecnologias e procedimentos de seguran\u00e7a, como criptografia e acesso limitado. Somente pessoas autorizadas acedem \u00e0s suas informa\u00e7\u00f5es pessoais e recebem forma\u00e7\u00e3o sobre a import\u00e2ncia de proteger as informa\u00e7\u00f5es pessoais.<br \/>\nOs prestadores de servi\u00e7os e agentes da Colep Packaging s\u00e3o contratualmente obrigados a manter a confidencialidade das informa\u00e7\u00f5es pessoais e n\u00e3o podem utilizar as informa\u00e7\u00f5es para qualquer finalidade n\u00e3o autorizada.<\/p>\n<p><strong>E. Direitos relativos aos dados pessoais<\/strong><br \/>\nA qualquer momento, o titular dos dados pode:<br \/>\nSolicitar acesso \u00e0s informa\u00e7\u00f5es pessoais \u2013 Tendo o direito de aceder \u00e0 informa\u00e7\u00e3o pessoal que a Colep Packaging det\u00e9m sobre si. Solicitar retifica\u00e7\u00e3o de informa\u00e7\u00f5es pessoais \u2013 Tem o direito de solicitar a Colep Packaging para corrigir as suas informa\u00e7\u00f5es pessoais quando estiverem imprecisas ou desatualizadas.<br \/>\nPedir para ser esquecido \u2013 Tem o direito, em determinadas circunst\u00e2ncias, de ter as suas informa\u00e7\u00f5es pessoais apagadas. As suas informa\u00e7\u00f5es s\u00f3 podem ser apagadas se os seus dados n\u00e3o forem mais necess\u00e1rios para a finalidade para a qual foram recolhidos, e a Colep Packaging n\u00e3o tiver outro fundamento legal para processar os dados.<br \/>\nSolicitar restri\u00e7\u00e3o de processamento \u2013 Tem o direito de restringir o processamento das suas informa\u00e7\u00f5es pessoais, mas apenas quando:<br \/>\na sua exatid\u00e3o \u00e9 contestada, para permitir \u00e0 Colep Packaging verificar a sua exatid\u00e3o;<br \/>\nou o processamento \u00e9 ilegal, mas n\u00e3o quer que estas sejam apagadas; ou<br \/>\nj\u00e1 n\u00e3o s\u00e3o necess\u00e1rias para os fins para que foram recolhidas, mas a Colep Packaging ainda precisa delas para estabelecer, exercer ou defender a\u00e7\u00f5es judiciais; ou exerceu o direito de oposi\u00e7\u00e3o, e a verifica\u00e7\u00e3o dos motivos prevalecentes est\u00e1 pendente. Obje\u00e7\u00e3o ao processamento \u2013 Tem o direito de se opor ao processamento das suas informa\u00e7\u00f5es pessoais a qualquer momento, mas apenas considerando que esse processamento tem os interesses leg\u00edtimos da Colep Packaging como base legal. Se levantar uma obje\u00e7\u00e3o, a Colep Packaging tem a oportunidade de demonstrar que tem interesses leg\u00edtimos convincentes que substituem os seus direitos e liberdades.<br \/>\nO titular dos dados pode, a qualquer momento, exercer os seus direitos ou retirar o consentimento, contactando o Respons\u00e1vel pela Prote\u00e7\u00e3o de Dados ou a equipa respons\u00e1vel pela prote\u00e7\u00e3o de dados na Colep Packaging, o que for aplic\u00e1vel, em dataprotectionofficer@colep-pk.com ou por carta para o endere\u00e7o postal GDPR Request, C\/O Head of iCS, Rua Comendador Arlindo Soares de Pinho, 1977, 3730-423 Vale de Cambra, Portugal. Os seus pedidos ser\u00e3o tratados com especial cuidado para que possamos garantir a efic\u00e1cia dos seus direitos. Poder\u00e1 ser-lhe exigido que comprove a sua identidade para garantir que \u00e9 o titular dos dados eleg\u00edveis.<br \/>\nDeve estar ciente de que, em certos casos (por exemplo, devido a requisitos legais), a sua solicita\u00e7\u00e3o pode n\u00e3o ser atendida imediatamente.<br \/>\nEm qualquer caso, ser\u00e1 informado das medidas tomadas para esse efeito no prazo de 1 (um) m\u00eas a partir do momento em que o pedido \u00e9 feito.<br \/>\nTamb\u00e9m tem o direito de apresentar uma reclama\u00e7\u00e3o \u00e0 Autoridade Portuguesa de Prote\u00e7\u00e3o de Dados https:\/\/www.cnpd.pt\/, ou, se estiver numa jurisdi\u00e7\u00e3o europeia diferente, perto da sua Autoridade de Prote\u00e7\u00e3o de Dados local.<\/p>\n<p><strong>F. Onde armazenamos as suas informa\u00e7\u00f5es pessoais<\/strong><br \/>\nOs dados que recolhemos sobre si podem ser transferidos, acedidos e armazenados num local fora do Espa\u00e7o Econ\u00f3mico Europeu (&#8220;EEE&#8221;). Tamb\u00e9m pode ser tratado igualmente por funcion\u00e1rios fora do Espa\u00e7o Econ\u00f3mico Europeu (&#8220;EEE&#8221;), que trabalham para n\u00f3s ou para um dos nossos prestadores de servi\u00e7os.<br \/>\nA Colep Packaging apenas transfere dados pessoais para fora do Espa\u00e7o Econ\u00f3mico Europeu (&#8220;EEE&#8221;) de forma segura e legal.<br \/>\nNa medida em que alguns pa\u00edses podem n\u00e3o ter legisla\u00e7\u00e3o que regule o uso e a transfer\u00eancia de dados, tomamos medidas para garantir que as entidades externas cumpram o estabelecido nesta Pol\u00edtica. Estas medidas podem incluir a an\u00e1lise da seguran\u00e7a da privacidade de entidades externas e\/ou a celebra\u00e7\u00e3o de contratos (com base no modelo adotado pela Comiss\u00e3o Europeia).<\/p>\n<p><strong>G. Website &amp; cookies<\/strong><br \/>\nAs p\u00e1ginas Web da Colep Packaging utilizam cookies. Ao visitar o site, a Colep Packaging pode instalar pequenas informa\u00e7\u00f5es no seu computador, conhecidas como &#8220;cookies&#8221;. Os cookies s\u00e3o armazenados pelo navegador no disco r\u00edgido. Os cookies ajudam-nos de muitas maneiras. Utilizamos cookies para organizar melhor o site ou informa\u00e7\u00f5es sobre os nossos produtos e para tornar essas informa\u00e7\u00f5es mais adaptadas aos seus interesses ou prefer\u00eancias. Os cookies permitem-nos saber quem visitou quais p\u00e1ginas e qual conte\u00fado, avaliar a frequ\u00eancia de visitas a determinadas p\u00e1ginas, determinar qual das \u00e1reas favoritas do site e orientar o uso do site de forma mais geral. Tem a op\u00e7\u00e3o de impedir que os cookies sejam gerados selecionando a op\u00e7\u00e3o correspondente no seu navegador (conhecida como &#8220;navegador&#8221;). As plataformas youonlinechoice.eu e networkadvertising.org oferecem solu\u00e7\u00f5es que permitem que gira as suas permiss\u00f5es relacionadas a cookies utilizadas por plataformas de publicidade digital. Recomendamos que utilize estas plataformas para gerir as suas permiss\u00f5es sobre a utiliza\u00e7\u00e3o de cookies.<\/p>\n","protected":false},"excerpt":{"rendered":"<p>Atualizada a 01\/07\/2021: A Colep Packaging est\u00e1 presente em tr\u00eas Estados-Membros da UE (Portugal, Pol\u00f3nia e Espanha). Esta Pol\u00edtica de Privacidade da Colep Packaging detalha como as empresas da Colep Packaging utilizam, ret\u00eam e armazenam informa\u00e7\u00f5es pessoais, bem como detalham os direitos dos cidad\u00e3os da UE em rela\u00e7\u00e3o aos regulamentos de prote\u00e7\u00e3o de dados. A. [&hellip;]<\/p>\n","protected":false},"author":1,"featured_media":0,"parent":0,"menu_order":0,"comment_status":"closed","ping_status":"closed","template":"templates\/politica-privacidade.php","meta":[],"_links":{"self":[{"href":"https:\/\/colep-pk.com\/pt-pt\/wp-json\/wp\/v2\/pages\/1807"}],"collection":[{"href":"https:\/\/colep-pk.com\/pt-pt\/wp-json\/wp\/v2\/pages"}],"about":[{"href":"https:\/\/colep-pk.com\/pt-pt\/wp-json\/wp\/v2\/types\/page"}],"author":[{"embeddable":true,"href":"https:\/\/colep-pk.com\/pt-pt\/wp-json\/wp\/v2\/users\/1"}],"replies":[{"embeddable":true,"href":"https:\/\/colep-pk.com\/pt-pt\/wp-json\/wp\/v2\/comments?post=1807"}],"version-history":[{"count":1,"href":"https:\/\/colep-pk.com\/pt-pt\/wp-json\/wp\/v2\/pages\/1807\/revisions"}],"predecessor-version":[{"id":1813,"href":"https:\/\/colep-pk.com\/pt-pt\/wp-json\/wp\/v2\/pages\/1807\/revisions\/1813"}],"wp:attachment":[{"href":"https:\/\/colep-pk.com\/pt-pt\/wp-json\/wp\/v2\/media?parent=1807"}],"curies":[{"name":"wp","href":"https:\/\/api.w.org\/{rel}","templated":true}]}}