{"id":1790,"date":"2022-09-23T12:17:11","date_gmt":"2022-09-23T12:17:11","guid":{"rendered":"https:\/\/colep-pk.com\/politica-de-cookies\/"},"modified":"2022-12-14T18:56:32","modified_gmt":"2022-12-14T18:56:32","slug":"politica-de-cookies","status":"publish","type":"page","link":"https:\/\/colep-pk.com\/pt-pt\/politica-de-cookies\/","title":{"rendered":"Pol\u00edtica de Cookies"},"content":{"rendered":"\r\n\r\n\r\n\r\n\r\n<h2>\u00a0<\/h2>\r\n<h2>O que \u00e9 um cookie?<\/h2>\r\n<p>Cookies s\u00e3o deliciosos biscoitos que podem ser comidos com uma ch\u00e1vena de ch\u00e1 ou leite, no entanto, os cookies tamb\u00e9m podem ser pequenos arquivos de dados que s\u00e3o armazenados no seu computador ou dispositivo port\u00e1til, infelizmente \u00e9 com o \u00faltimo que estamos aqui a lidar! A maioria dos sites que visita utilizam cookies para melhorar a sua experi\u00eancia de utilizador, permitindo que esse site &#8220;&#8221;se lembre&#8221;&#8221; de si, quer durante a sua visita (utilizando um &#8220;&#8221;cookie de sess\u00e3o&#8221;&#8221;) ou para visitas repetidas (utilizando um &#8220;&#8221;cookie persistente&#8221;&#8221;). Os cookies fazem muitos trabalhos diferentes, como permitir que navegue entre p\u00e1ginas de forma eficiente, armazenar as suas prefer\u00eancias e, em geral, melhorar a sua experi\u00eancia num site. Os cookies tornam a intera\u00e7\u00e3o entre si e o website mais r\u00e1pida e f\u00e1cil. Se um website n\u00e3o utilizar cookies, pensar\u00e1 que \u00e9 um novo visitante sempre que se deslocar para uma nova p\u00e1gina no site \u2013 por exemplo, quando introduzir os seus dados de in\u00edcio de sess\u00e3o e se deslocar para outra p\u00e1gina, n\u00e3o o reconhecer\u00e1 e n\u00e3o ser\u00e1 capaz de o manter ligado.<\/p>\r\n<h2>O que \u00e9 um cookie?<\/h2>\r\n<p>Cada cookie \u00e9 exclusivo do seu navegador. Ele conter\u00e1 algumas informa\u00e7\u00f5es an\u00f3nimas, como um identificador exclusivo e o nome do site e alguns d\u00edgitos e n\u00fameros. Permite que um site se lembre de coisas como as suas prefer\u00eancias ou o que est\u00e1 no seu carrinho de compras. \u00a0<\/p>\r\n<h2>O que fazer se n\u00e3o quiser que os cookies sejam criados<\/h2>\r\n<p>Algumas pessoas acham um pouco intrusiva a ideia de um site que armazena informa\u00e7\u00f5es no seu computador ou dispositivo m\u00f3vel. Embora isso seja geralmente bastante inofensivo, pode n\u00e3o querer, por exemplo, ver publicidade direcionada com os seus interesses. Se preferir, \u00e9 poss\u00edvel bloquear alguns ou todos os cookies, ou mesmo para apagar os cookies que j\u00e1 foram definidos; Mas precisa estar ciente de que pode perder algumas fun\u00e7\u00f5es do site. Pode bloquear cookies acedendo ao painel de controlo\/prefer\u00eancias do seu navegador. As plataformas youonlinechoice e networkadvertising.org oferecem solu\u00e7\u00f5es que permitem que gira as suas permiss\u00f5es relacionadas a cookies utilizadas por plataformas de publicidade digital.&#8221;<\/p>\r\n","protected":false},"excerpt":{"rendered":"<p>\u00a0 O que \u00e9 um cookie? Cookies s\u00e3o deliciosos biscoitos que podem ser comidos com uma ch\u00e1vena de ch\u00e1 ou leite, no entanto, os cookies tamb\u00e9m podem ser pequenos arquivos de dados que s\u00e3o armazenados no seu computador ou dispositivo port\u00e1til, infelizmente \u00e9 com o \u00faltimo que estamos aqui a lidar! A maioria dos sites [&hellip;]<\/p>\n","protected":false},"author":1,"featured_media":0,"parent":0,"menu_order":0,"comment_status":"closed","ping_status":"closed","template":"templates\/politica-privacidade.php","meta":[],"_links":{"self":[{"href":"https:\/\/colep-pk.com\/pt-pt\/wp-json\/wp\/v2\/pages\/1790"}],"collection":[{"href":"https:\/\/colep-pk.com\/pt-pt\/wp-json\/wp\/v2\/pages"}],"about":[{"href":"https:\/\/colep-pk.com\/pt-pt\/wp-json\/wp\/v2\/types\/page"}],"author":[{"embeddable":true,"href":"https:\/\/colep-pk.com\/pt-pt\/wp-json\/wp\/v2\/users\/1"}],"replies":[{"embeddable":true,"href":"https:\/\/colep-pk.com\/pt-pt\/wp-json\/wp\/v2\/comments?post=1790"}],"version-history":[{"count":4,"href":"https:\/\/colep-pk.com\/pt-pt\/wp-json\/wp\/v2\/pages\/1790\/revisions"}],"predecessor-version":[{"id":1794,"href":"https:\/\/colep-pk.com\/pt-pt\/wp-json\/wp\/v2\/pages\/1790\/revisions\/1794"}],"wp:attachment":[{"href":"https:\/\/colep-pk.com\/pt-pt\/wp-json\/wp\/v2\/media?parent=1790"}],"curies":[{"name":"wp","href":"https:\/\/api.w.org\/{rel}","templated":true}]}}