{"id":2436,"date":"2022-09-23T14:01:54","date_gmt":"2022-09-23T14:01:54","guid":{"rendered":"https:\/\/colep-pk.com\/zasady-i-certyfikaty\/"},"modified":"2025-05-16T13:51:48","modified_gmt":"2025-05-16T13:51:48","slug":"zasady-i-certyfikaty","status":"publish","type":"page","link":"https:\/\/colep-pk.com\/pl\/zasady-i-certyfikaty\/","title":{"rendered":"Zasady i Certyfikaty"},"content":{"rendered":"<hr class=\"wp-block-separator has-alpha-channel-opacity\" \/>\r\n\r\n\r\n\r\n\r\n<h4 class=\"has-medium-font-size\">Polityka korporacyjna<\/h4>\r\n\r\n\r\n\r\n<div class=\"wp-container-2 wp-block-group\"><div class=\"wp-block-group__inner-container\">\r\n<div class=\"wp-container-1 wp-block-group\"><div class=\"wp-block-group__inner-container\">\r\n<p style=\"font-size: 16px;\"><strong><a href=\"\/wp-content\/uploads\/2022\/10\/EthicsPolicy_Colep-Packaging.pdf\" target=\"_blank\" rel=\"noreferrer noopener\" data-type=\"URL\" data-id=\"https:\/\/wp.webcomum.com\/colep\/wp-content\/uploads\/2022\/09\/Ethics-Policy.pdf\">Kodeks etyczny<\/a><\/strong><\/p>\r\n\r\n\r\n\r\n<p style=\"font-size: 16px;\"><a href=\"https:\/\/colep-pk.com\/wp-content\/uploads\/2023\/11\/Codigo-conduta_2023_EN_v3.pdf\" target=\"_blank\" rel=\"noreferrer noopener\" data-type=\"URL\" data-id=\"https:\/\/wp.webcomum.com\/colep\/wp-content\/uploads\/2022\/09\/Codigo-conduta_EN_Digital.pdf\"><strong>Kodeks post\u0119powania<\/strong><\/a><\/p>\r\n<p><strong><a href=\"https:\/\/colep-pk.com\/wp-content\/uploads\/2025\/04\/PPR-Colep-Packaging-V3-PDF.pdf\">Plan for the Prevention of Corruption and related offences Risks (PPR)<\/a><\/strong><\/p>\r\n<p><strong><a href=\"https:\/\/colep-pk.com\/wp-content\/uploads\/2024\/04\/Colep-Packaging_Report-PPR-ANNUAL-2024.pdf\">Annual Report 2024 &#8211; Plan for the Prevention of Corruption and Related Offences<\/a><\/strong><\/p>\r\n<p><strong><a href=\"https:\/\/colep-pk.com\/wp-content\/uploads\/2025\/04\/2025-Annual-report-on-the-execution-of-the-Plan-for-the-Prevention-of-Corruption-and-Related-Offences.pdf\">Annual Report 2025 &#8211; Plan for the Prevention of Corruption and Related Offences<\/a><\/strong><\/p>\r\n\r\n\r\n\r\n<p style=\"font-size: 16px;\"><strong><a href=\"https:\/\/colep-pk.com\/wp-content\/uploads\/2023\/01\/Colep-Packaging-Health-Safety-Environmental-Policy-1.pdf\" target=\"_blank\" rel=\"noreferrer noopener\" data-type=\"URL\" data-id=\"https:\/\/wp.webcomum.com\/colep\/wp-content\/uploads\/2022\/09\/S00.PY001-Colep-Packaging-Health-Safety-Environmental-Policy.pdf\">Polityka dotycz\u0105ca zdrowia, bezpiecze\u0144stwa i \u015brodowiskaealth, <\/a><\/strong><\/p>\r\n\r\n\r\n\r\n<p style=\"font-size: 16px;\"><strong><a href=\"\/wp-content\/uploads\/2022\/09\/Sustainability-Policy-annex_jun2022.pdf\" target=\"_blank\" rel=\"noreferrer noopener\" data-type=\"URL\" data-id=\"https:\/\/wp.webcomum.com\/colep\/wp-content\/uploads\/2022\/09\/Sustainability-Policy-annex_jun2022.pdf\">Polityka zr\u00f3wnowa\u017conego rozwoju <\/a><\/strong><\/p>\r\n<p style=\"font-size: 16px;\"><a href=\"https:\/\/colep-pk.com\/wp-content\/uploads\/2022\/10\/Responsible-supplier-Policy.pdf\"><strong>Polityka odpowiedzialnego dostawcy<\/strong><\/a><\/p>\r\n<p><strong><a href=\"https:\/\/colep-pk.com\/wp-content\/uploads\/2022\/09\/Q00.PY001.1-Quality-Policy.pdf\">Polityka jako\u015bci<\/a><\/strong><\/p>\r\n\r\n\r\n<\/div><\/div>\r\n<\/div><\/div>\r\n\r\n\r\n<hr class=\"wp-block-separator has-alpha-channel-opacity\" \/>\r\n\r\n\r\n<h4 class=\"has-medium-font-size\">Og\u00f3lne warunki zakupu<\/h4>\r\n\r\n\r\n\r\n<div class=\"wp-container-3 wp-block-group\"><div class=\"wp-block-group__inner-container\">\r\n<p style=\"font-size: 16px;\"><a href=\"https:\/\/colep-pk.com\/wp-content\/uploads\/2025\/04\/PT-SP-PK-GTC-of-Purchase-EN-V1-2025.03.17-Logo.pdf\" target=\"_blank\" rel=\"noreferrer noopener\" data-type=\"URL\" data-id=\"https:\/\/wp.webcomum.com\/colep\/wp-content\/uploads\/2022\/09\/PT-SP-PK-GTC-of-Purchase-EN-V2-2021.06.16-Logo.pdf\"><strong>Warunki zakupu \u2013 Portugalia i Hiszpania<\/strong><\/a><\/p>\r\n<p style=\"font-size: 16px;\"><a href=\"https:\/\/colep-pk.com\/wp-content\/uploads\/2025\/04\/PL-PK-GTC-of-Purchase-EN-PL-V1-2021.06.16-Logo-VF.pdf\" target=\"_blank\" rel=\"noreferrer noopener\" data-type=\"URL\" data-id=\"https:\/\/wp.webcomum.com\/colep\/wp-content\/uploads\/2022\/09\/PL-PK-GTC-of-Purchase-EN-PL-V1-2021.06.16-Logo.pdf\"><strong>Warunki zakupu \u2013 Polska<\/strong><\/a><\/p>\r\n<\/div><\/div>\r\n<p><a href=\"https:\/\/colep-pk.com\/wp-content\/uploads\/2024\/04\/ENCOPACK-Purchasing-Terms-and-Conditions.pdf\" target=\"_blank\" rel=\"noreferrer noopener\" data-type=\"URL\" data-id=\"https:\/\/wp.webcomum.com\/colep\/wp-content\/uploads\/2022\/09\/PL-PK-GTC-of-Purchase-EN-PL-V1-2021.06.16-Logo.pdf\"><strong>Warunki zakupu \u2013 Encopack<\/strong><\/a><\/p>\r\n<p>\r\n\r\n<\/p>\r\n<hr class=\"wp-block-separator has-alpha-channel-opacity\" \/>\r\n<p><strong><!-- \/wp:separator --><!-- \/wp:separator -->\r\n\r\n<!-- wp:heading {\"level\":4,\"fontSize\":\"medium\"} --><\/strong><\/p>\r\n<!-- \/wp:separator -->\r\n\r\n<!-- wp:heading {\"level\":4,\"fontSize\":\"medium\"} -->\r\n<h4 class=\"has-medium-font-size\">Certyfikaty<\/h4>\r\n<!-- wp:paragraph {\"fontSize\":\"medium\"} -->\r\n<p><strong><!-- \/wp:paragraph -->\r\n\r\n<!-- wp:group --><\/strong><\/p>\r\n<!-- \/wp:heading -->\r\n\r\n<!-- wp:paragraph {\"fontSize\":\"medium\"} -->\r\n<p class=\"has-medium-font-size\"><strong>Vale de Cambra \u2013 Portugal<\/strong><\/p>\r\n<!-- \/wp:paragraph -->\r\n\r\n<!-- wp:group -->\r\n<div class=\"wp-block-group\"><!-- wp:group -->\r\n<div class=\"wp-block-group\"><!-- wp:paragraph {\"style\":{\"typography\":{\"fontSize\":\"16px\"}}} -->\r\n<p style=\"font-size: 16px;\"><a href=\"\/wp-content\/uploads\/2022\/09\/Q00.PY001.1-Politica-de-Qualidade.pdf\" target=\"_blank\" rel=\"noreferrer noopener\" data-type=\"URL\" data-id=\"https:\/\/wp.webcomum.com\/colep\/wp-content\/uploads\/2022\/09\/Q00.PY001.1-Politica-de-Qualidade.pdf\"><strong>Pol\u00edtica de Qualidade (PT)<\/strong><\/a><\/p>\r\n<!-- \/wp:paragraph -->\r\n\r\n<!-- wp:paragraph {\"style\":{\"typography\":{\"fontSize\":\"16px\"}}} -->\r\n<p style=\"font-size: 16px;\"><strong><a href=\"\/wp-content\/uploads\/2022\/09\/Q00.PY001.1-Quality-Policy.pdf\" target=\"_blank\" rel=\"noreferrer noopener\" data-type=\"URL\" data-id=\"https:\/\/wp.webcomum.com\/colep\/wp-content\/uploads\/2022\/09\/Q00.PY001.1-Quality-Policy.pdf\">Quality Policy (ENG)<\/a><\/strong><\/p>\r\n<!-- \/wp:paragraph -->\r\n\r\n<!-- wp:paragraph {\"style\":{\"typography\":{\"fontSize\":\"16px\"}}} -->\r\n<p style=\"font-size: 16px;\"><strong><a href=\"https:\/\/colep-pk.com\/wp-content\/uploads\/2025\/01\/0030294-QMS-PORPT-UKAS.pdf\" target=\"_blank\" rel=\"noreferrer noopener\" data-type=\"URL\" data-id=\"https:\/\/wp.webcomum.com\/colep\/wp-content\/uploads\/2022\/09\/ISO9001_2015-VdC_PT.pdf\">ISO 9001 Vale de Cambra (PT)<\/a><\/strong><\/p>\r\n<!-- \/wp:paragraph -->\r\n\r\n<!-- wp:paragraph {\"style\":{\"typography\":{\"fontSize\":\"16px\"}}} -->\r\n<p style=\"font-size: 16px;\"><strong><a href=\"https:\/\/colep-pk.com\/wp-content\/uploads\/2025\/01\/0030294-QMS-ENGUS-UKAS.pdf\" target=\"_blank\" rel=\"noreferrer noopener\" data-type=\"URL\" data-id=\"https:\/\/wp.webcomum.com\/colep\/wp-content\/uploads\/2022\/09\/ISO9001_2015-VdC_EN.pdf\">ISO 9001 Vale de Cambra (ENG)<\/a><\/strong><\/p>\r\n<!-- \/wp:paragraph -->\r\n\r\n<!-- wp:paragraph {\"style\":{\"typography\":{\"fontSize\":\"16px\"}}} -->\r\n<p style=\"font-size: 16px;\"><strong><a href=\"https:\/\/colep-pk.com\/wp-content\/uploads\/2024\/07\/Certificado-ISO-14001_2015-VLC-PT-2024-2027.pdf\" target=\"_blank\" rel=\"noreferrer noopener\" data-type=\"URL\" data-id=\"https:\/\/wp.webcomum.com\/colep\/wp-content\/uploads\/2022\/09\/0030306-EMS-PORPT-UKAS-2021-2024-Colep-Pk-exColep-portugal.pdf\">ISO 14001 Vale de Cambra (PT)<\/a><\/strong><\/p>\r\n<!-- \/wp:paragraph -->\r\n\r\n<!-- wp:paragraph {\"style\":{\"typography\":{\"fontSize\":\"16px\"}}} -->\r\n<p style=\"font-size: 16px;\"><strong><a href=\"https:\/\/colep-pk.com\/wp-content\/uploads\/2024\/07\/Certificado-ISO-14001_2015-VLC-EN-2024-2027.pdf\" target=\"_blank\" rel=\"noreferrer noopener\" data-type=\"URL\" data-id=\"https:\/\/wp.webcomum.com\/colep\/wp-content\/uploads\/2022\/09\/ISO14001_PT-EN.pdf\">ISO 14001 Vale de Cambra (ENG)<\/a><\/strong><\/p>\r\n<!-- \/wp:paragraph -->\r\n\r\n<!-- wp:paragraph --><!-- \/wp:paragraph --><\/div>\r\n<!-- \/wp:group -->\r\n\r\n<!-- wp:paragraph {\"fontSize\":\"medium\"} -->\r\n<p>&nbsp;<\/p>\r\n<p class=\"has-medium-font-size\"><strong>Navarra \u2013 Spain<\/strong><\/p>\r\n<!-- \/wp:paragraph -->\r\n\r\n<!-- wp:group -->\r\n<div class=\"wp-block-group\"><!-- wp:group -->\r\n<div class=\"wp-block-group\"><!-- wp:paragraph {\"style\":{\"typography\":{\"fontSize\":\"16px\"}}} --><!-- \/wp:paragraph -->\r\n\r\n<!-- wp:paragraph {\"style\":{\"typography\":{\"fontSize\":\"16px\"}}} -->\r\n<p style=\"font-size: 16px;\"><strong><a href=\"\/wp-content\/uploads\/2022\/09\/Q00.PY001.1-Quality-Policy-1.pdf\" target=\"_blank\" rel=\"noreferrer noopener\" data-type=\"URL\" data-id=\"https:\/\/wp.webcomum.com\/colep\/wp-content\/uploads\/2022\/09\/Q00.PY001.1-Quality-Policy-1.pdf\">Quality Policy (ENG)<\/a><\/strong><\/p>\r\n<!-- \/wp:paragraph -->\r\n\r\n<!-- wp:paragraph {\"style\":{\"typography\":{\"fontSize\":\"16px\"}}} -->\r\n<p style=\"font-size: 16px;\"><strong><a href=\"https:\/\/colep-pk.com\/wp-content\/uploads\/2025\/01\/0030294-003-QMS-SPAES-UKAS.pdf\" target=\"_blank\" rel=\"noreferrer noopener\" data-type=\"URL\" data-id=\"https:\/\/wp.webcomum.com\/colep\/wp-content\/uploads\/2022\/09\/ISO9001_2015-Navarra_SP.pdf\">ISO 9001 Navarra (SP)<\/a><\/strong><\/p>\r\n<!-- \/wp:paragraph -->\r\n\r\n<!-- wp:paragraph {\"style\":{\"typography\":{\"fontSize\":\"16px\"}}} -->\r\n<p style=\"font-size: 16px;\"><strong><a href=\"https:\/\/colep-pk.com\/wp-content\/uploads\/2025\/01\/0030294-003-QMS-ENGUS-UKAS.pdf\" target=\"_blank\" rel=\"noreferrer noopener\" data-type=\"URL\" data-id=\"https:\/\/wp.webcomum.com\/colep\/wp-content\/uploads\/2022\/09\/ISO9001_2015-Navarra_EN.pdf\">ISO 9001 Navarra (ENG)<\/a><\/strong><\/p>\r\n<!-- \/wp:paragraph -->\r\n\r\n<!-- wp:paragraph {\"style\":{\"typography\":{\"fontSize\":\"16px\"}}} -->\r\n<p style=\"font-size: 16px;\"><strong><a href=\"https:\/\/colep-pk.com\/wp-content\/uploads\/2024\/07\/Certificado-ISO-14001_2015-Navarra-ES-2024-2027.pdf\" target=\"_blank\" rel=\"noreferrer noopener\" data-type=\"URL\" data-id=\"https:\/\/wp.webcomum.com\/colep\/wp-content\/uploads\/2022\/09\/Certificado-ISO-14001_2015-Navarra-SP-2021-2024-1.pdf\">ISO 14001 Navarra (SP)<\/a><\/strong><\/p>\r\n<!-- \/wp:paragraph -->\r\n\r\n<!-- wp:paragraph {\"style\":{\"typography\":{\"fontSize\":\"16px\"}}} -->\r\n<p style=\"font-size: 16px;\"><strong><a href=\"https:\/\/colep-pk.com\/wp-content\/uploads\/2024\/07\/Certificado-ISO-14001_2015-Navarra-EN-2024-2027.pdf\" target=\"_blank\" rel=\"noreferrer noopener\" data-type=\"URL\" data-id=\"https:\/\/wp.webcomum.com\/colep\/wp-content\/uploads\/2022\/09\/Certificado-ISO-14001_2015-Navarra-EN-2021-2024.pdf\">ISO 14001 Navarra (ENG)<\/a><\/strong><\/p>\r\n<p>&nbsp;<\/p>\r\n<p><strong>Barcelona \u2013 Spain<\/strong><\/p>\r\n<p><strong><a href=\"https:\/\/colep-pk.com\/wp-content\/uploads\/2025\/05\/Quality-Policy-Colep-Packaging-Barcelona.pdf\" target=\"_blank\" rel=\"noreferrer noopener\" data-type=\"URL\" data-id=\"https:\/\/colep-pk.com\/wp-content\/uploads\/2022\/09\/Q00.PY001.1-Quality-Policy-1.pdf\">Quality Policy (ENG)<\/a><\/strong><\/p>\r\n<!-- \/wp:paragraph -->\r\n\r\n<!-- wp:paragraph --><!-- \/wp:paragraph --><\/div>\r\n<!-- \/wp:group -->\r\n\r\n<!-- wp:paragraph {\"fontSize\":\"medium\"} -->\r\n<p>&nbsp;<\/p>\r\n<p class=\"has-medium-font-size\"><strong>Kleszcz\u00f3w \u2013 Poland<\/strong><\/p>\r\n<!-- \/wp:paragraph -->\r\n\r\n<!-- wp:group -->\r\n<div class=\"wp-block-group\"><!-- wp:group -->\r\n<div class=\"wp-block-group\"><!-- wp:group -->\r\n<div class=\"wp-block-group\"><!-- wp:paragraph {\"style\":{\"typography\":{\"fontSize\":\"16px\"}}} --><!-- \/wp:paragraph -->\r\n\r\n<!-- wp:paragraph {\"style\":{\"typography\":{\"fontSize\":\"16px\"}}} -->\r\n<p style=\"font-size: 16px;\"><strong><a href=\"\/wp-content\/uploads\/2022\/09\/Q00.PY001.1-Quality-Policy-1.pdf\" target=\"_blank\" rel=\"noreferrer noopener\">Quality Policy (ENG)<\/a><\/strong><\/p>\r\n<!-- \/wp:paragraph -->\r\n\r\n<!-- wp:paragraph {\"style\":{\"typography\":{\"fontSize\":\"16px\"}}} -->\r\n<p style=\"font-size: 16px;\"><strong><a href=\"https:\/\/colep-pk.com\/wp-content\/uploads\/2025\/01\/0030294-001-QMS-POLPL-UKAS.pdf\" target=\"_blank\" rel=\"noreferrer noopener\" data-type=\"URL\" data-id=\"https:\/\/wp.webcomum.com\/colep\/wp-content\/uploads\/2022\/09\/ISO9001_2015-Poland_PL.pdf\">ISO 9001 Kleszcz\u00f3w (PL)<\/a><\/strong><\/p>\r\n<!-- \/wp:paragraph -->\r\n\r\n<!-- wp:paragraph {\"style\":{\"typography\":{\"fontSize\":\"16px\"}}} -->\r\n<p style=\"font-size: 16px;\"><strong><a href=\"https:\/\/colep-pk.com\/wp-content\/uploads\/2025\/01\/0030294-001-QMS-ENGUS-UKAS.pdf\" target=\"_blank\" rel=\"noreferrer noopener\" data-type=\"URL\" data-id=\"https:\/\/wp.webcomum.com\/colep\/wp-content\/uploads\/2022\/09\/ISO9001_2015-Poland_EN.pdf\">ISO 9001 Kleszcz\u00f3w (ENG)<\/a><\/strong><\/p>\r\n<!-- \/wp:paragraph -->\r\n\r\n<!-- wp:paragraph {\"style\":{\"typography\":{\"fontSize\":\"16px\"}}} -->\r\n<p style=\"font-size: 16px;\"><strong><a href=\"https:\/\/colep-pk.com\/wp-content\/uploads\/2024\/07\/Certificate-ISO-14001_2015-POLAND-PL-2024-2027.pdf\" target=\"_blank\" rel=\"noreferrer noopener\" data-type=\"URL\" data-id=\"https:\/\/wp.webcomum.com\/colep\/wp-content\/uploads\/2022\/09\/00032219-EMS-POLPL-UKAS.pdf\">ISO 14001 Kleszcz\u00f3w (PL)<\/a><\/strong><\/p>\r\n<!-- \/wp:paragraph -->\r\n\r\n<!-- wp:paragraph {\"style\":{\"typography\":{\"fontSize\":\"16px\"}}} -->\r\n<p style=\"font-size: 16px;\"><strong><a href=\"https:\/\/colep-pk.com\/wp-content\/uploads\/2024\/07\/Certificate-ISO-14001_2015-POLAND-EN-2024-2027.pdf\" target=\"_blank\" rel=\"noreferrer noopener\" data-type=\"URL\" data-id=\"https:\/\/wp.webcomum.com\/colep\/wp-content\/uploads\/2022\/09\/00032219-EMS-ENGUS-UKAS.pdf\">ISO 14001 Kleszcz\u00f3w (ENG)<\/a><\/strong><\/p>\r\n<!-- \/wp:paragraph --><\/div>\r\n<!-- \/wp:group --><\/div>\r\n<!-- \/wp:group --><\/div>\r\n<!-- \/wp:group --><\/div>\r\n<!-- \/wp:group --><\/div>\r\n<!-- \/wp:group -->\r\n\r\n<!-- wp:separator --><hr class=\"wp-block-separator has-alpha-channel-opacity\" \/><!-- \/wp:separator -->\r\n\r\n<!-- wp:heading {\"level\":4,\"fontSize\":\"medium\"} -->\r\n<h4 class=\"has-medium-font-size\">Karty Projekt\u00f3w<\/h4>\r\n<!-- \/wp:heading -->\r\n\r\n<!-- wp:group -->\r\n<div class=\"wp-block-group\"><!-- wp:group -->\r\n<div class=\"wp-block-group\"><!-- wp:paragraph {\"style\":{\"typography\":{\"fontSize\":\"16px\"}}} -->\r\n<p style=\"font-size: 16px;\"><strong><a href=\"\/wp-content\/uploads\/2022\/09\/Ficha_de_Projeto_Inovacao_Produtiva_-_Litografia_2016_-_2018_v2.pdf\" target=\"_blank\" rel=\"noreferrer noopener\" data-type=\"URL\" data-id=\"https:\/\/wp.webcomum.com\/colep\/wp-content\/uploads\/2022\/09\/Ficha_de_Projeto_Inovacao_Produtiva_-_Litografia_2016_-_2018_v2.pdf\">Productive Innovation Project Fact Sheet \u2013 Lithography 2016 \u2013 2018<\/a><\/strong><\/p>\r\n<!-- \/wp:paragraph -->\r\n\r\n<!-- wp:paragraph {\"style\":{\"typography\":{\"fontSize\":\"16px\"}}} -->\r\n<p style=\"font-size: 16px;\"><a href=\"\/wp-content\/uploads\/2022\/09\/Eco-Capsula-Projeto-no-69175.-Ficha-de-Projeto.pdf\" target=\"_blank\" rel=\"noreferrer noopener\" data-type=\"URL\" data-id=\"https:\/\/wp.webcomum.com\/colep\/wp-content\/uploads\/2022\/09\/Eco-Capsula-Projeto-no-69175.-Ficha-de-Projeto.pdf\"><strong>Eco-C\u00e1psula \u2013 Projeto n\u00ba 69175. Ficha de Projeto <\/strong><\/a><\/p>\r\n<p style=\"font-size: 16px;\"><strong><a href=\"https:\/\/colep-pk.com\/wp-content\/uploads\/2022\/11\/PROD-SIF_Ficha-do-projeto_versaoMAR21.pdf\">PRODUTECH-SIF: Solu\u00e7\u00f5es para a Ind\u00fastria de Futuro <\/a><\/strong><\/p>\r\n<p style=\"font-size: 16px;\"><strong><a href=\"https:\/\/colep-pk.com\/wp-content\/uploads\/2022\/11\/PROD4SC_FICHA-PROJETO.pdf\">PRODUTECH 4 S&amp;C: Produtech sustent\u00e1vel &amp; circular<\/a><\/strong><\/p>\r\n<p style=\"font-size: 16px;\"><strong><a href=\"https:\/\/colep-pk.com\/wp-content\/uploads\/2023\/08\/Aumento-de-capacidade-para-novos-produtos-CPP-2021-2023.pdf\">Aumento de capacidade para novos produtos &#8211; CPP 2021-2023<\/a><\/strong><\/p>\r\n<strong><a href=\"https:\/\/colep-pk.com\/wp-content\/uploads\/2023\/10\/PRODUTECH-R3-\u2013-Recuperacao-Resiliencia-Reindustrializacao.pdf\">PRODUTECH R3: Agenda Mobilizadora da Fileira das Tecnologias de Produ\u00e7\u00e3o<\/a>\u00a0<\/strong> <strong><a href=\"https:\/\/colep-pk.com\/wp-content\/uploads\/2023\/09\/Ficha-Projeto-186427.pdf\">PROJETOS AUT\u00d3NOMOS DE FORMA\u00c7\u00c3O &#8211; Ficha de Projeto 186427<\/a><\/strong>\r\n<p><strong><!-- \/wp:group --><\/strong><\/p>\r\n<\/div>\r\n<div><strong><a href=\"https:\/\/colep-pk.com\/wp-content\/uploads\/2024\/11\/Colep-Packaging-C11-Ficha-de-projeto.pdf\" target=\"_blank\" rel=\"noopener\">CPP Descarboniza\u00e7\u00e3o &#8211; Project sheet<\/a><\/strong><\/div>\r\n<\/div>","protected":false},"excerpt":{"rendered":"<p>Polityka korporacyjna Kodeks etyczny Kodeks post\u0119powania Plan for the Prevention of Corruption and related offences Risks (PPR) Annual Report 2024 &#8211; Plan for the Prevention of Corruption and Related Offences Annual Report 2025 &#8211; Plan for the Prevention of Corruption and Related Offences Polityka dotycz\u0105ca zdrowia, bezpiecze\u0144stwa i \u015brodowiskaealth, Polityka zr\u00f3wnowa\u017conego rozwoju Polityka odpowiedzialnego dostawcy [&hellip;]<\/p>\n","protected":false},"author":1,"featured_media":0,"parent":0,"menu_order":0,"comment_status":"closed","ping_status":"closed","template":"templates\/politica-privacidade.php","meta":[],"_links":{"self":[{"href":"https:\/\/colep-pk.com\/pl\/wp-json\/wp\/v2\/pages\/2436"}],"collection":[{"href":"https:\/\/colep-pk.com\/pl\/wp-json\/wp\/v2\/pages"}],"about":[{"href":"https:\/\/colep-pk.com\/pl\/wp-json\/wp\/v2\/types\/page"}],"author":[{"embeddable":true,"href":"https:\/\/colep-pk.com\/pl\/wp-json\/wp\/v2\/users\/1"}],"replies":[{"embeddable":true,"href":"https:\/\/colep-pk.com\/pl\/wp-json\/wp\/v2\/comments?post=2436"}],"version-history":[{"count":61,"href":"https:\/\/colep-pk.com\/pl\/wp-json\/wp\/v2\/pages\/2436\/revisions"}],"predecessor-version":[{"id":4857,"href":"https:\/\/colep-pk.com\/pl\/wp-json\/wp\/v2\/pages\/2436\/revisions\/4857"}],"wp:attachment":[{"href":"https:\/\/colep-pk.com\/pl\/wp-json\/wp\/v2\/media?parent=2436"}],"curies":[{"name":"wp","href":"https:\/\/api.w.org\/{rel}","templated":true}]}}