{"id":2434,"date":"2022-08-22T01:43:06","date_gmt":"2022-08-22T01:43:06","guid":{"rendered":"https:\/\/colep-pk.com\/nasze-zobowiazania-w-zakresie-zrownowazonego-rozwoju\/"},"modified":"2022-12-15T18:57:59","modified_gmt":"2022-12-15T18:57:59","slug":"nasze-zobowiazania-w-zakresie-zrownowazonego-rozwoju","status":"publish","type":"page","link":"https:\/\/colep-pk.com\/pl\/zrownowazony-rozwoj\/nasze-zobowiazania-w-zakresie-zrownowazonego-rozwoju\/","title":{"rendered":"Nasze zobowi\u0105zania w zakresie zr\u00f3wnowa\u017conego rozwoju"},"content":{"rendered":"","protected":false},"excerpt":{"rendered":"","protected":false},"author":1,"featured_media":0,"parent":2432,"menu_order":0,"comment_status":"closed","ping_status":"closed","template":"templates\/compromissos.php","meta":[],"_links":{"self":[{"href":"https:\/\/colep-pk.com\/pl\/wp-json\/wp\/v2\/pages\/2434"}],"collection":[{"href":"https:\/\/colep-pk.com\/pl\/wp-json\/wp\/v2\/pages"}],"about":[{"href":"https:\/\/colep-pk.com\/pl\/wp-json\/wp\/v2\/types\/page"}],"author":[{"embeddable":true,"href":"https:\/\/colep-pk.com\/pl\/wp-json\/wp\/v2\/users\/1"}],"replies":[{"embeddable":true,"href":"https:\/\/colep-pk.com\/pl\/wp-json\/wp\/v2\/comments?post=2434"}],"version-history":[{"count":1,"href":"https:\/\/colep-pk.com\/pl\/wp-json\/wp\/v2\/pages\/2434\/revisions"}],"predecessor-version":[{"id":2608,"href":"https:\/\/colep-pk.com\/pl\/wp-json\/wp\/v2\/pages\/2434\/revisions\/2608"}],"up":[{"embeddable":true,"href":"https:\/\/colep-pk.com\/pl\/wp-json\/wp\/v2\/pages\/2432"}],"wp:attachment":[{"href":"https:\/\/colep-pk.com\/pl\/wp-json\/wp\/v2\/media?parent=2434"}],"curies":[{"name":"wp","href":"https:\/\/api.w.org\/{rel}","templated":true}]}}