{"id":2433,"date":"2022-08-22T01:43:24","date_gmt":"2022-08-22T01:43:24","guid":{"rendered":"https:\/\/colep-pk.com\/nasze-podejscie-do-zrownowazonego-rozwoju\/"},"modified":"2022-12-15T18:57:36","modified_gmt":"2022-12-15T18:57:36","slug":"nasze-podejscie-do-zrownowazonego-rozwoju","status":"publish","type":"page","link":"https:\/\/colep-pk.com\/pl\/zrownowazony-rozwoj\/nasze-podejscie-do-zrownowazonego-rozwoju\/","title":{"rendered":"Nasze podej\u015bcie do zr\u00f3wnowa\u017conego rozwoju"},"content":{"rendered":"","protected":false},"excerpt":{"rendered":"","protected":false},"author":1,"featured_media":0,"parent":2432,"menu_order":0,"comment_status":"closed","ping_status":"closed","template":"templates\/abordagem.php","meta":[],"_links":{"self":[{"href":"https:\/\/colep-pk.com\/pl\/wp-json\/wp\/v2\/pages\/2433"}],"collection":[{"href":"https:\/\/colep-pk.com\/pl\/wp-json\/wp\/v2\/pages"}],"about":[{"href":"https:\/\/colep-pk.com\/pl\/wp-json\/wp\/v2\/types\/page"}],"author":[{"embeddable":true,"href":"https:\/\/colep-pk.com\/pl\/wp-json\/wp\/v2\/users\/1"}],"replies":[{"embeddable":true,"href":"https:\/\/colep-pk.com\/pl\/wp-json\/wp\/v2\/comments?post=2433"}],"version-history":[{"count":1,"href":"https:\/\/colep-pk.com\/pl\/wp-json\/wp\/v2\/pages\/2433\/revisions"}],"predecessor-version":[{"id":2607,"href":"https:\/\/colep-pk.com\/pl\/wp-json\/wp\/v2\/pages\/2433\/revisions\/2607"}],"up":[{"embeddable":true,"href":"https:\/\/colep-pk.com\/pl\/wp-json\/wp\/v2\/pages\/2432"}],"wp:attachment":[{"href":"https:\/\/colep-pk.com\/pl\/wp-json\/wp\/v2\/media?parent=2433"}],"curies":[{"name":"wp","href":"https:\/\/api.w.org\/{rel}","templated":true}]}}