{"id":2432,"date":"2022-08-22T01:42:45","date_gmt":"2022-08-22T01:42:45","guid":{"rendered":"https:\/\/colep-pk.com\/zrownowazony-rozwoj\/"},"modified":"2022-12-15T18:55:35","modified_gmt":"2022-12-15T18:55:35","slug":"zrownowazony-rozwoj","status":"publish","type":"page","link":"https:\/\/colep-pk.com\/pl\/zrownowazony-rozwoj\/","title":{"rendered":"Zr\u00f3wnowa\u017cony Rozw\u00f3j"},"content":{"rendered":"","protected":false},"excerpt":{"rendered":"","protected":false},"author":1,"featured_media":0,"parent":0,"menu_order":0,"comment_status":"closed","ping_status":"closed","template":"templates\/sustentabilidade.php","meta":[],"_links":{"self":[{"href":"https:\/\/colep-pk.com\/pl\/wp-json\/wp\/v2\/pages\/2432"}],"collection":[{"href":"https:\/\/colep-pk.com\/pl\/wp-json\/wp\/v2\/pages"}],"about":[{"href":"https:\/\/colep-pk.com\/pl\/wp-json\/wp\/v2\/types\/page"}],"author":[{"embeddable":true,"href":"https:\/\/colep-pk.com\/pl\/wp-json\/wp\/v2\/users\/1"}],"replies":[{"embeddable":true,"href":"https:\/\/colep-pk.com\/pl\/wp-json\/wp\/v2\/comments?post=2432"}],"version-history":[{"count":1,"href":"https:\/\/colep-pk.com\/pl\/wp-json\/wp\/v2\/pages\/2432\/revisions"}],"predecessor-version":[{"id":2479,"href":"https:\/\/colep-pk.com\/pl\/wp-json\/wp\/v2\/pages\/2432\/revisions\/2479"}],"wp:attachment":[{"href":"https:\/\/colep-pk.com\/pl\/wp-json\/wp\/v2\/media?parent=2432"}],"curies":[{"name":"wp","href":"https:\/\/api.w.org\/{rel}","templated":true}]}}