{"id":2428,"date":"2022-08-22T01:44:36","date_gmt":"2022-08-22T01:44:36","guid":{"rendered":"https:\/\/colep-pk.com\/polityka-prywatnosci\/"},"modified":"2022-12-15T18:53:39","modified_gmt":"2022-12-15T18:53:39","slug":"polityka-prywatnosci","status":"publish","type":"page","link":"https:\/\/colep-pk.com\/pl\/polityka-prywatnosci\/","title":{"rendered":"Polityka prywatno\u015bci"},"content":{"rendered":"<p>Zaktualizowano 01.07.2021:<br \/>\nColep Packaging jest obecny w trzech pa\u0144stwach cz\u0142onkowskich UE (Portugalii, Polsce i Hiszpanii).<br \/>\nNiniejsza Polityka prywatno\u015bci Colep Packaging szczeg\u00f3\u0142owo opisuje, w jaki spos\u00f3b firmy Colep Packaging wykorzystuj\u0105, przechowuj\u0105 i przechowuj\u0105 dane osobowe, a tak\u017ce szczeg\u00f3\u0142owo okre\u015bla prawa obywateli UE w odniesieniu do przepis\u00f3w o ochronie danych.<\/p>\n<h3>A. Kim jeste\u015bmy?<\/h3>\n<p>Dane osobowe b\u0119d\u0105 przetwarzane (i) przez Colep Packaging Portugal, S.A., z siedzib\u0105 przy Rua Comendador Arlindo Soares de Pinho, 1977, 3730-423 Vale de Cambra, tel. + (351) 256.420.100, lub (ii) przez jej sp\u00f3\u0142ki zale\u017cne, zwane dalej \u201eColep Packaging\u201d.<br \/>\nColep Packaging odpowiada za Twoje dane osobowe (i administratora danych do cel\u00f3w Rozporz\u0105dzenia Og\u00f3lnego o Ochronie Danych), kt\u00f3re Colep Packaging zbiera od Ciebie lub o Tobie.<\/p>\n<h3>\nB. Jak wykorzystujemy Twoje dane osobowe?<\/h3>\n<p>Colep Packaging przetwarza dane osobowe tylko wtedy, gdy jest to konieczne do wype\u0142nienia zobowi\u0105za\u0144 prawnych, kt\u00f3re nas dotycz\u0105, lub taka operacja przetwarzania jest niezb\u0119dna do wykonania umowy lub zwi\u0105zanych z ni\u0105 procedur przedumownych.<br \/>\nMo\u017cemy r\u00f3wnie\u017c przetwarza\u0107 informacje, je\u017celi mamy w tym prawnie uzasadniony interes, pod warunkiem, \u017ce w ka\u017cdym przypadku nasz interes jest zgodny z obowi\u0105zuj\u0105cym prawem i prawami osoby, kt\u00f3rej dane dotycz\u0105; mo\u017ce to nast\u0105pi\u0107 w szczeg\u00f3lno\u015bci w przypadku komunikacji z naszymi klientami i dostawcami; rekrutacji pracownik\u00f3w; zapobieganiu i wykrywaniu oszustw lub przekazywaniu informacji o dzia\u0142alno\u015bci Colep Packaging.<br \/>\nJe\u017celi \u017cadna z innych podstaw prawnych nie b\u0119dzie w stanie wesprze\u0107 operacji przetwarzania danych, Colep Packaging b\u0119dzie przetwarza\u0107 informacje tylko wtedy, gdy uzyskamy zgod\u0119 osoby, kt\u00f3rej dane dotycz\u0105, na przetwarzanie danych osobowych w okre\u015blonych, wyra\u017anych i prawnie uzasadnionych celach.<br \/>\nJeste\u015bmy organizacj\u0105 globaln\u0105 i mo\u017cemy przekazywa\u0107 okre\u015blone dane osobowe poza granicami geograficznymi do naszych sp\u00f3\u0142ek zale\u017cnych zgodnie z obowi\u0105zuj\u0105cym prawem.<\/p>\n<h3>\nC. Jak d\u0142ugo przechowywane s\u0105 Twoje dane osobowe?<\/h3>\n<p>Colep Packaging b\u0119dzie przechowywa\u0107 Twoje dane osobowe nie d\u0142u\u017cej ni\u017c na czas wymagany do realizacji cel\u00f3w opisanych w niniejszej polityce prywatno\u015bci, chyba \u017ce d\u0142u\u017cszy okres przechowywania jest dozwolony przez prawo.<\/p>\n<h3>\nD. Bezpiecze\u0144stwo informacji<\/h3>\n<p>Bezpiecze\u0144stwo Twoich danych osobowych jest wa\u017cne dla Colep Packaging i wdro\u017cyli\u015bmy rozs\u0105dne fizyczne, techniczne i administracyjne standardy bezpiecze\u0144stwa w celu ochrony danych osobowych przed utrat\u0105, niew\u0142a\u015bciwym wykorzystaniem, zmian\u0105 lub zniszczeniem. Colep Packaging chroni Twoje dane osobowe przed nieautoryzowanym dost\u0119pem, wykorzystaniem lub ujawnieniem, wykorzystuj\u0105c technologie i procedury bezpiecze\u0144stwa, takie jak szyfrowanie i ograniczony dost\u0119p. Tylko upowa\u017cnione osoby uzyskuj\u0105 dost\u0119p do Twoich danych osobowych i przechodz\u0105 szkolenie na temat znaczenia ochrony danych osobowych.<br \/>\nUs\u0142ugodawcy i agenci Colep Packaging s\u0105 zobowi\u0105zani umow\u0105 do zachowania poufno\u015bci danych osobowych i nie mog\u0105 wykorzystywa\u0107 tych informacji do jakichkolwiek nieautoryzowanych cel\u00f3w.<\/p>\n<h3>\nE. Prawa dotycz\u0105ce danych osobowych<\/h3>\n<p>W ka\u017cdej chwili osoba, kt\u00f3rej dane dotycz\u0105, mo\u017ce:<br \/>\n\u017b\u0105da\u0107 dost\u0119pu do danych osobowych \u2013 Masz prawo dost\u0119pu do danych osobowych, kt\u00f3re na Tw\u00f3j temat posiada Colep Packaging.<br \/>\n\u017b\u0105da\u0107 sprostowania danych osobowych \u2014 masz prawo za\u017c\u0105da\u0107 od Colep Packaging poprawienia swoich danych osobowych, je\u015bli s\u0105 one niedok\u0142adne lub nieaktualne.<br \/>\n\u017b\u0105da\u0107 bycia zapomnianym \u2013 w pewnych okoliczno\u015bciach masz prawo do usuni\u0119cia swoich danych osobowych. Twoje dane mog\u0105 zosta\u0107 usuni\u0119te tylko wtedy, gdy Twoje dane nie s\u0105 ju\u017c potrzebne do celu, dla kt\u00f3rego zosta\u0142y zebrane, a Colep Packaging nie ma innej podstawy prawnej do przetwarzania danych.<br \/>\n\u017b\u0105da\u0107 ograniczenia przetwarzania \u2013 Masz prawo ograniczy\u0107 przetwarzanie swoich danych osobowych, ale tylko wtedy, gdy:<br \/>\njego s\u0142uszno\u015b\u0107 jest kwestionowana, aby firma Colep Packaging mog\u0142a zweryfikowa\u0107 jego dok\u0142adno\u015b\u0107; lub<br \/>\nprzetwarzanie jest niezgodne z prawem, ale nie chcesz, aby zosta\u0142o ono usuni\u0119te; lub<br \/>\nnie s\u0105 ju\u017c potrzebne do cel\u00f3w, dla kt\u00f3rych zosta\u0142y zebrane, ale Colep Packaging nadal potrzebuje ich do ustalenia, wykonania lub obrony roszcze\u0144 prawnych; lub<br \/>\nskorzysta\u0142e\u015b z prawa do sprzeciwu, a weryfikacja nadrz\u0119dnych podstaw jest w toku.<br \/>\nSprzeciw wobec przetwarzania \u2013 Masz prawo w dowolnym momencie sprzeciwi\u0107 si\u0119 przetwarzaniu Twoich danych osobowych, ale tylko wtedy, gdy podstaw\u0105 prawn\u0105 przetwarzania jest uzasadniony interes Colep Packaging. Je\u015bli wniesiesz sprzeciw, Colep Packaging ma mo\u017cliwo\u015b\u0107 wykazania, \u017ce \u200b\u200bma wa\u017cne prawnie uzasadnione interesy, kt\u00f3re s\u0105 nadrz\u0119dne wobec Twoich praw i wolno\u015bci.<br \/>\nOsoba, kt\u00f3rej dane dotycz\u0105, mo\u017ce w dowolnym momencie skorzysta\u0107 ze swoich praw lub wycofa\u0107 zgod\u0119, kontaktuj\u0105c si\u0119 z Inspektorem Ochrony Danych lub zespo\u0142em odpowiedzialnym za ochron\u0119 danych w Colep Packaging, w zale\u017cno\u015bci od przypadku, pod adresem dataprotectionofficer@colep-pk.com lub listownie na poczt\u0119 adres Wniosek RODO, C\/O Szef iCS, Rua Comendador Arlindo Soares de Pinho, 1977, 3730-423 Vale de Cambra, Portugalia. Twoje \u017c\u0105dania b\u0119d\u0105 traktowane ze szczeg\u00f3ln\u0105 staranno\u015bci\u0105, aby\u015bmy mogli zapewni\u0107 skuteczno\u015b\u0107 Twoich praw. Mo\u017cesz zosta\u0107 poproszony o udowodnienie swojej to\u017csamo\u015bci, aby upewni\u0107 si\u0119, \u017ce jeste\u015b uprawnionym podmiotem danych.<br \/>\nNale\u017cy mie\u0107 \u015bwiadomo\u015b\u0107, \u017ce w niekt\u00f3rych przypadkach (np. ze wzgl\u0119du na wymogi prawne) Twoja pro\u015bba nie mo\u017ce by\u0107 natychmiast spe\u0142niona.<br \/>\nW ka\u017cdym przypadku zostaniesz poinformowany o \u015brodkach podj\u0119tych w tym celu w ci\u0105gu 1 (jednego) miesi\u0105ca od momentu z\u0142o\u017cenia wniosku.<br \/>\nMasz r\u00f3wnie\u017c prawo z\u0142o\u017cy\u0107 skarg\u0119 do portugalskiego organu ochrony danych https:\/\/www.cnpd.pt\/ lub, je\u015bli znajdujesz si\u0119 w innej jurysdykcji europejskiej, w pobli\u017cu lokalnego organu ochrony danych.<\/p>\n<h3>\nF. Gdzie przechowujemy Twoje dane osobowe<\/h3>\n<p>Dane, kt\u00f3re od Ciebie zbieramy, mog\u0105 by\u0107 przekazywane, dost\u0119pne i przechowywane poza Europejskim Obszarem Gospodarczym (\u201eEOG\u201d). Mog\u0105 by\u0107 r\u00f3wnie\u017c traktowane jednakowo przez pracownik\u00f3w spoza Europejskiego Obszaru Gospodarczego (\u201eEOG\u201d), pracuj\u0105cych dla nas lub jednego z naszych us\u0142ugodawc\u00f3w.<br \/>\nColep Packaging przekazuje dane osobowe poza Europejski Obszar Gospodarczy (\u201eEOG\u201d) wy\u0142\u0105cznie w bezpieczny i legalny spos\u00f3b.<br \/>\nW zakresie, w jakim niekt\u00f3re kraje mog\u0105 nie mie\u0107 przepis\u00f3w reguluj\u0105cych wykorzystanie i przekazywanie danych, podejmujemy kroki w celu zapewnienia, \u017ce \u200b\u200bpodmioty zewn\u0119trzne przestrzegaj\u0105 ustanowionych w niniejszej Polityce. \u015arodki te mog\u0105 obejmowa\u0107 analiz\u0119 bezpiecze\u0144stwa prywatno\u015bci podmiot\u00f3w zewn\u0119trznych i\/lub zawieranie um\u00f3w (w oparciu o model przyj\u0119ty przez Komisj\u0119 Europejsk\u0105).<\/p>\n<h3>\nG. Witryna internetowa i pliki cookie<\/h3>\n<p>Strony internetowe Colep Packaging wykorzystuj\u0105 pliki cookie. Gdy odwiedzasz witryn\u0119, Colep Packaging mo\u017ce instalowa\u0107 na Twoim komputerze niewielkie informacje, znane jako \u201epliki cookie\u201d. Pliki cookie s\u0105 zapisywane przez przegl\u0105dark\u0119 na dysku twardym. Pliki cookie pomagaj\u0105 nam na wiele sposob\u00f3w. U\u017cywamy plik\u00f3w cookie, aby lepiej organizowa\u0107 stron\u0119 internetow\u0105 lub informacje o naszych produktach oraz aby informacje te by\u0142y bardziej dostosowane do Twoich zainteresowa\u0144 lub preferencji. Pliki cookie pozwalaj\u0105 nam dowiedzie\u0107 si\u0119, kto odwiedzi\u0142 kt\u00f3re strony i jakie tre\u015bci, oceni\u0107 cz\u0119stotliwo\u015b\u0107 odwiedzin niekt\u00f3rych stron, okre\u015bli\u0107 ulubione obszary witryny i bardziej og\u00f3lnie pokierowa\u0107 korzystaniem z witryny. Mo\u017cesz zapobiec generowaniu plik\u00f3w cookie, wybieraj\u0105c odpowiedni\u0105 opcj\u0119 w swojej przegl\u0105darce (znanej jako \u201eprzegl\u0105darka\u201d). Platformy youronlinechoices.eu i networkadvertising.org oferuj\u0105 rozwi\u0105zania, kt\u00f3re umo\u017cliwiaj\u0105 zarz\u0105dzanie uprawnieniami zwi\u0105zanymi z plikami cookie u\u017cywanymi przez cyfrowe platformy reklamowe. Zalecamy korzystanie z tych platform do zarz\u0105dzania swoimi uprawnieniami do korzystania z plik\u00f3w cookie.<\/p>\n","protected":false},"excerpt":{"rendered":"<p>Zaktualizowano 01.07.2021: Colep Packaging jest obecny w trzech pa\u0144stwach cz\u0142onkowskich UE (Portugalii, Polsce i Hiszpanii). Niniejsza Polityka prywatno\u015bci Colep Packaging szczeg\u00f3\u0142owo opisuje, w jaki spos\u00f3b firmy Colep Packaging wykorzystuj\u0105, przechowuj\u0105 i przechowuj\u0105 dane osobowe, a tak\u017ce szczeg\u00f3\u0142owo okre\u015bla prawa obywateli UE w odniesieniu do przepis\u00f3w o ochronie danych. A. Kim jeste\u015bmy? Dane osobowe b\u0119d\u0105 przetwarzane [&hellip;]<\/p>\n","protected":false},"author":1,"featured_media":0,"parent":0,"menu_order":0,"comment_status":"closed","ping_status":"closed","template":"templates\/politica-privacidade.php","meta":[],"_links":{"self":[{"href":"https:\/\/colep-pk.com\/pl\/wp-json\/wp\/v2\/pages\/2428"}],"collection":[{"href":"https:\/\/colep-pk.com\/pl\/wp-json\/wp\/v2\/pages"}],"about":[{"href":"https:\/\/colep-pk.com\/pl\/wp-json\/wp\/v2\/types\/page"}],"author":[{"embeddable":true,"href":"https:\/\/colep-pk.com\/pl\/wp-json\/wp\/v2\/users\/1"}],"replies":[{"embeddable":true,"href":"https:\/\/colep-pk.com\/pl\/wp-json\/wp\/v2\/comments?post=2428"}],"version-history":[{"count":2,"href":"https:\/\/colep-pk.com\/pl\/wp-json\/wp\/v2\/pages\/2428\/revisions"}],"predecessor-version":[{"id":2473,"href":"https:\/\/colep-pk.com\/pl\/wp-json\/wp\/v2\/pages\/2428\/revisions\/2473"}],"wp:attachment":[{"href":"https:\/\/colep-pk.com\/pl\/wp-json\/wp\/v2\/media?parent=2428"}],"curies":[{"name":"wp","href":"https:\/\/api.w.org\/{rel}","templated":true}]}}