{"id":2427,"date":"2022-09-23T12:17:11","date_gmt":"2022-09-23T12:17:11","guid":{"rendered":"https:\/\/colep-pk.com\/cookie-policy\/"},"modified":"2022-12-14T18:56:30","modified_gmt":"2022-12-14T18:56:30","slug":"cookie-policy","status":"publish","type":"page","link":"https:\/\/colep-pk.com\/pl\/cookie-policy\/","title":{"rendered":"Polityka dotycz\u0105ca plik\u00f3w cookie"},"content":{"rendered":"<h2>Czym s\u0105 cookie?<\/h2>\n<p>Cookis to pyszne ciasteczka, kt\u00f3re mo\u017cna zje\u015b\u0107 z fili\u017cank\u0105 herbaty lub latte, jednak ciasteczka mog\u0105 by\u0107 r\u00f3wnie\u017c ma\u0142ymi plikami danych, kt\u00f3re s\u0105 przechowywane na komputerze lub urz\u0105dzeniu podr\u0119cznym, niestety z tymi drugim mamy tutaj do czynienia! Wi\u0119kszo\u015b\u0107 odwiedzanych witryn korzysta z plik\u00f3w cookie w celu poprawy komfortu u\u017cytkownika, umo\u017cliwiaj\u0105c witrynie \u201ezapami\u0119tanie\u201d u\u017cytkownika na czas trwania wizyty (za pomoc\u0105 \u201esesyjnego pliku cookie\u201d) lub w przypadku powt\u00f3rnych wizyt (za pomoc\u0105 \u201etrwa\u0142ego pliku cookie\u201d). ). Pliki cookie wykonuj\u0105 wiele r\u00f3\u017cnych zada\u0144, na przyk\u0142ad umo\u017cliwiaj\u0105 sprawne poruszanie si\u0119 mi\u0119dzy stronami, przechowywanie preferencji i og\u00f3lnie poprawiaj\u0105 komfort korzystania z witryny. Pliki cookie przyspieszaj\u0105 i u\u0142atwiaj\u0105 interakcj\u0119 mi\u0119dzy Tob\u0105 a witryn\u0105. Je\u015bli witryna nie u\u017cywa plik\u00f3w cookie, b\u0119dzie my\u015bla\u0142a, \u017ce \u200b\u200bjeste\u015b nowym odwiedzaj\u0105cym za ka\u017cdym razem, gdy przejdziesz na now\u0105 stron\u0119 w witrynie \u2013 na przyk\u0142ad, gdy podasz swoje dane logowania i przejdziesz na inn\u0105 stron\u0119, nie rozpozna Ci\u0119 i nie b\u0119dzie w stanie utrzyma\u0107 Ci\u0119 w stanie zalogowania.<\/p>\n<h2>Co zawiera ciasteczko?<\/h2>\n<p>Ka\u017cdy plik cookie jest unikalny dla Twojej przegl\u0105darki internetowej. B\u0119dzie zawiera\u0107 pewne anonimowe informacje, takie jak unikalny identyfikator i nazw\u0119 witryny oraz kilka numer\u00f3w i cyfr. Pozwala witrynie zapami\u0119ta\u0107 takie rzeczy, jak Twoje preferencje lub zawarto\u015b\u0107 koszyka.<\/p>\n<h2>Co zrobi\u0107, je\u015bli nie chcesz, aby pliki cookie by\u0142y ustawiane?<\/h2>\n<p>Niekt\u00f3rzy uwa\u017caj\u0105, \u017ce pomys\u0142 strony internetowej przechowuj\u0105cej informacje na ich komputerze lub urz\u0105dzeniu mobilnym jest nieco nachalny. Chocia\u017c jest to og\u00f3lnie nieszkodliwe, mo\u017cesz na przyk\u0142ad nie chcie\u0107 ogl\u0105da\u0107 reklam ukierunkowanych na Twoje zainteresowania. Je\u015bli wolisz, mo\u017cesz zablokowa\u0107 niekt\u00f3re lub wszystkie pliki cookie, a nawet usun\u0105\u0107 pliki cookie, kt\u00f3re zosta\u0142y ju\u017c ustawione; ale musisz mie\u0107 \u015bwiadomo\u015b\u0107, \u017ce mo\u017cesz utraci\u0107 niekt\u00f3re funkcje serwisu. Mo\u017cesz zablokowa\u0107 pliki cookie, przechodz\u0105c do panelu sterowania\/preferencji przegl\u0105darki. Platformy youonlinechoice i networkadvertising.org oferuj\u0105 rozwi\u0105zania, kt\u00f3re umo\u017cliwiaj\u0105 zarz\u0105dzanie uprawnieniami zwi\u0105zanymi z plikami cookie u\u017cywanymi przez cyfrowe platformy reklamowe<\/p>\n","protected":false},"excerpt":{"rendered":"<p>Czym s\u0105 cookie? Cookis to pyszne ciasteczka, kt\u00f3re mo\u017cna zje\u015b\u0107 z fili\u017cank\u0105 herbaty lub latte, jednak ciasteczka mog\u0105 by\u0107 r\u00f3wnie\u017c ma\u0142ymi plikami danych, kt\u00f3re s\u0105 przechowywane na komputerze lub urz\u0105dzeniu podr\u0119cznym, niestety z tymi drugim mamy tutaj do czynienia! Wi\u0119kszo\u015b\u0107 odwiedzanych witryn korzysta z plik\u00f3w cookie w celu poprawy komfortu u\u017cytkownika, umo\u017cliwiaj\u0105c witrynie \u201ezapami\u0119tanie\u201d u\u017cytkownika [&hellip;]<\/p>\n","protected":false},"author":1,"featured_media":0,"parent":0,"menu_order":0,"comment_status":"closed","ping_status":"closed","template":"templates\/politica-privacidade.php","meta":[],"_links":{"self":[{"href":"https:\/\/colep-pk.com\/pl\/wp-json\/wp\/v2\/pages\/2427"}],"collection":[{"href":"https:\/\/colep-pk.com\/pl\/wp-json\/wp\/v2\/pages"}],"about":[{"href":"https:\/\/colep-pk.com\/pl\/wp-json\/wp\/v2\/types\/page"}],"author":[{"embeddable":true,"href":"https:\/\/colep-pk.com\/pl\/wp-json\/wp\/v2\/users\/1"}],"replies":[{"embeddable":true,"href":"https:\/\/colep-pk.com\/pl\/wp-json\/wp\/v2\/comments?post=2427"}],"version-history":[{"count":2,"href":"https:\/\/colep-pk.com\/pl\/wp-json\/wp\/v2\/pages\/2427\/revisions"}],"predecessor-version":[{"id":2916,"href":"https:\/\/colep-pk.com\/pl\/wp-json\/wp\/v2\/pages\/2427\/revisions\/2916"}],"wp:attachment":[{"href":"https:\/\/colep-pk.com\/pl\/wp-json\/wp\/v2\/media?parent=2427"}],"curies":[{"name":"wp","href":"https:\/\/api.w.org\/{rel}","templated":true}]}}