{"id":2019,"date":"2022-08-22T01:44:36","date_gmt":"2022-08-22T01:44:36","guid":{"rendered":"https:\/\/colep-pk.com\/politica-de-privacidad\/"},"modified":"2022-12-15T18:53:42","modified_gmt":"2022-12-15T18:53:42","slug":"politica-de-privacidad","status":"publish","type":"page","link":"https:\/\/colep-pk.com\/es\/politica-de-privacidad\/","title":{"rendered":"Pol\u00edtica de Privacidad"},"content":{"rendered":"<p><\/p><p>Actualizada 01\/07\/2021:<br>Colep Packaging est\u00e1 presente en tres Estados miembros de la UE (Portugal, Polonia y Espa\u00f1a).<br>Esta Pol\u00edtica de privacidad de Colep Packaging detalla c\u00f3mo las empresas de Colep Packaging utilizan, retienen y almacenan informaci\u00f3n personal y detalla los derechos de los ciudadanos de la UE con respecto a las normas de protecci\u00f3n de datos.<\/p><h2><\/h2><h2><\/h2><h3 style=\"\">A. \u00bfQui\u00e9nes somos?<\/h3><p>Los datos personales ser\u00e1n tratados (i) por Colep Packaging Portugal, S.A., con sede en Rua Comendador Arlindo Soares de Pinho, 1977, 3730-423 Vale de Cambra, n\u00famero de tel\u00e9fono + (351) 256.420.100, o (ii) por su subsidiarias, en lo sucesivo denominadas como \u201cColep Packaging\u201d.<br>Colep Packaging es responsable de su informaci\u00f3n personal (y el controlador a los efectos del Reglamento General de Protecci\u00f3n de Datos) que Colep Packaging recopila de usted o sobre usted.<\/p><p><\/p><p><\/p><h3><strong>B. \u00bfC\u00f3mo usamos su informaci\u00f3n pessonal?<\/strong><\/h3><p>Colep Packaging solo trata datos personales cuando es necesario para cumplir con las obligaciones legales que nos conciernenn, o cuando dicha operaci\u00f3n de procesamiento es necesaria para la ejecuci\u00f3n de un contrato o procedimientos precontractuales asociados con \u00e9l.<br>Tambi\u00e9n podemos manejar informaci\u00f3n si tenemos un inter\u00e9s leg\u00edtimo en hacerlo, siempre que en cada caso nuestro inter\u00e9s est\u00e9 de acuerdo con la ley aplicable y los derechos del titular de los datos; esto puede ocurrir, en particular para la comunicaci\u00f3n con nuestros clientes y proveedores; contrataci\u00f3n de empleados; prevenci\u00f3n y detecci\u00f3n de fraude o suministro de informaci\u00f3n sobre las actividades de Colep Packaging.<br>En caso de que ninguna otra base legal pueda respaldar la operaci\u00f3n de procesamiento de datos, Colep Packaging solo tratar\u00e1 la informaci\u00f3n si hemos obtenido el consentimiento del interesado para tratar sus datos personales para fines espec\u00edficos, expl\u00edcitos y leg\u00edtimos.Somos una organizaci\u00f3n global y podemos transferir cierta informaci\u00f3n personal a trav\u00e9s de fronteras geogr\u00e1ficas a nuestras subsidiarias de acuerdo con la ley aplicable.<\/p><p><br><\/p><p><\/p><p><\/p><h3><strong>C. \u00bfPor cu\u00e1nto tiempo se retiene su informaci\u00f3n personal?<\/strong><\/h3><p>Colep Packaging conservar\u00e1 su informaci\u00f3n personal durante no m\u00e1s del tiempo necesario para cumplir con los fines descritos en esta pol\u00edtica de privacidad, a menos que la ley permita un per\u00edodo de retenci\u00f3n m\u00e1s prolongado.<\/p><p><\/p><p><\/p><h3><strong>D. Seguridad de la informaci\u00f3n<\/strong><\/h3><p>La seguridad de su informaci\u00f3n personal es importante para Colep Packaging y hemos implementado est\u00e1ndares razonables de seguridad f\u00edsica, t\u00e9cnica y administrativa para proteger la informaci\u00f3n personal de p\u00e9rdida, mal uso, alteraci\u00f3n o destrucci\u00f3n. Colep Packaging protege su informaci\u00f3n personal contra el acceso, uso o divulgaci\u00f3n no autorizados, utilizando tecnolog\u00edas y procedimientos de seguridad, como el cifrado y el acceso limitado. Solo las personas autorizadas acceden a su informaci\u00f3n personal y reciben capacitaci\u00f3n sobre la importancia de proteger la informaci\u00f3n personal.<br>Los proveedores de servicios y agentes de Colep Packaging est\u00e1n obligados por contrato a mantener la confidencialidad de la informaci\u00f3n personal y no pueden usar la informaci\u00f3n para ning\u00fan prop\u00f3sito no autorizado.<\/p><p><\/p><p><\/p><h3><strong>E. Derechos sobre los datos personales<\/strong><\/h3><p>En cualquier momento, el interesado puede:<br>Solicitar acceso a informaci\u00f3n personal: tiene derecho a acceder a la informaci\u00f3n personal que Colep Packaging tiene sobre usted.<br>Solicitar la rectificaci\u00f3n de la informaci\u00f3n personal: tiene derecho a solicitar a Colep Packaging que corrija su informaci\u00f3n personal cuando sea inexacta o est\u00e9 desactualizada.<br>Solicitud de olvido: tiene derecho, en determinadas circunstancias, a que se elimine su informaci\u00f3n personal. Su informaci\u00f3n solo se puede borrar si sus datos ya no son necesarios para el prop\u00f3sito para el que fueron recopilados, y Colep Packaging no tiene otra base legal para procesar los datos.<br>Solicitar restricci\u00f3n de procesamiento: tiene derecho a restringir el procesamiento de su informaci\u00f3n personal, pero solo cuando:<br>se impugna su exactitud, para permitir que Colep Packaging verifique su exactitud; o el procesamiento es ilegal, pero no desea que se elimine; o ya no se necesita para los fines para los que se recopil\u00f3, pero Colep Packaging a\u00fan lo necesita para establecer, ejercer o defender reclamaciones legales; o ha ejercido el derecho a oponerse y est\u00e1 pendiente la verificaci\u00f3n de los motivos primordiales.<br>Oponerse al procesamiento: tiene derecho a oponerse al procesamiento de su informaci\u00f3n personal en cualquier momento, pero solo mientras ese procesamiento tenga como base legal los intereses leg\u00edtimos de Colep Packaging. Si presenta una objeci\u00f3n, Colep Packaging tiene la oportunidad de demostrar que tiene intereses leg\u00edtimos imperiosos que anulan sus derechos y libertades.<br>El interesado podr\u00e1, en cualquier momento, ejercer sus derechos o retirar el consentimiento, dirigi\u00e9ndose al Delegado de Protecci\u00f3n de Datos o al equipo responsable de protecci\u00f3n de datos de Colep Packaging, seg\u00fan corresponda, a dataprotectionofficer@colep-pk.com o mediante carta a la direcci\u00f3n postal direcci\u00f3n Solicitud GDPR, C\/O Head of iCS, Rua Comendador Arlindo Soares de Pinho, 1977, 3730-423 Vale de Cambra, Portugal. Sus solicitudes ser\u00e1n tratadas con especial cuidado para que podamos garantizar la efectividad de sus derechos. Es posible que deba probar su identidad para asegurarse de que es el sujeto de datos elegible.<br>Debe tener en cuenta que en ciertos casos (por ejemplo, debido a requisitos legales) su solicitud no puede ser atendida de inmediato.<br>En todo caso, se le informar\u00e1 de las medidas adoptadas al efecto en el plazo de 1 (un) mes contado a partir de la presentaci\u00f3n de la solicitud.<br>Tambi\u00e9n tiene derecho a presentar una queja ante la Autoridad de Protecci\u00f3n de Datos de Portugal https:\/\/www.cnpd.pt\/ o, si se encuentra en una jurisdicci\u00f3n europea diferente, cerca de su Autoridad de Protecci\u00f3n de Datos local.<\/p><p><\/p><p><\/p><h3><strong>F. D\u00f3nde almacenamos su informaci\u00f3n personal<\/strong><\/h3><p>Los datos que recopilamos de usted pueden transferirse, ser accesibles y almacenarse en una ubicaci\u00f3n fuera del Espacio Econ\u00f3mico Europeo (\u00abEEE\u00bb). Tambi\u00e9n pueden recibir el mismo trato los empleados fuera del Espacio Econ\u00f3mico Europeo (\u00abEEE\u00bb), que trabajen para nosotros o uno de nuestros proveedores de servicios.<br>Colep Packaging solo transfiere datos personales fuera del Espacio Econ\u00f3mico Europeo (\u201cEEE\u201d) de forma segura y legal.<br>En la medida en que algunos pa\u00edses no tengan una legislaci\u00f3n que regule el uso y la transferencia de datos, tomamos medidas para garantizar que las entidades externas se adhieran a lo establecido en esta Pol\u00edtica. Estas medidas pueden incluir el an\u00e1lisis de la seguridad de la privacidad de entidades externas y\/o la celebraci\u00f3n de contratos (seg\u00fan el modelo adoptado por la Comisi\u00f3n Europea).<\/p><h3><strong>G. Sitio web y cookies<\/strong><\/h3><p>Las p\u00e1ginas web de Colep Packaging utilizan cookies. Cuando usted visita el sitio web, Colep Packaging puede instalar peque\u00f1a informaci\u00f3n en su computadora, las cuales se conocen como \u201ccookies\u201d. Las cookies son almacenadas por el navegador en el disco duro. Las cookies nos ayudan de muchas maneras. Usamos cookies para organizar mejor el sitio web o la informaci\u00f3n sobre nuestros productos, y para que esa informaci\u00f3n se adapte mejor a sus intereses o preferencias. Las cookies nos permiten saber qui\u00e9n visit\u00f3 qu\u00e9 p\u00e1ginas y qu\u00e9 contenido, evaluar la frecuencia de las visitas a ciertas p\u00e1ginas, determinar cu\u00e1les de las \u00e1reas favoritas del sitio web y guiar el uso del sitio web de manera m\u00e1s general. Tiene la opci\u00f3n de impedir la generaci\u00f3n de cookies mediante la selecci\u00f3n de la correspondiente opci\u00f3n en su navegador (conocido como el \u201cnavegador\u201d). Las plataformas youronlinechoices.eu y networkadvertising.org ofrecen soluciones que le permiten administrar sus permisos relacionados con las cookies que utilizan las plataformas de publicidad digital. Le recomendamos que utilice estas plataformas para gestionar sus permisos sobre el uso de cookies.<\/p><p><\/p>","protected":false},"excerpt":{"rendered":"<p>Actualizada 01\/07\/2021:Colep Packaging est\u00e1 presente en tres Estados miembros de la UE (Portugal, Polonia y Espa\u00f1a).Esta Pol\u00edtica de privacidad de Colep Packaging detalla c\u00f3mo las empresas de Colep Packaging utilizan, retienen y almacenan informaci\u00f3n personal y detalla los derechos de los ciudadanos de la UE con respecto a las normas de protecci\u00f3n de datos. A. [&hellip;]<\/p>\n","protected":false},"author":1,"featured_media":0,"parent":0,"menu_order":0,"comment_status":"closed","ping_status":"closed","template":"templates\/politica-privacidade.php","meta":[],"_links":{"self":[{"href":"https:\/\/colep-pk.com\/es\/wp-json\/wp\/v2\/pages\/2019"}],"collection":[{"href":"https:\/\/colep-pk.com\/es\/wp-json\/wp\/v2\/pages"}],"about":[{"href":"https:\/\/colep-pk.com\/es\/wp-json\/wp\/v2\/types\/page"}],"author":[{"embeddable":true,"href":"https:\/\/colep-pk.com\/es\/wp-json\/wp\/v2\/users\/1"}],"replies":[{"embeddable":true,"href":"https:\/\/colep-pk.com\/es\/wp-json\/wp\/v2\/comments?post=2019"}],"version-history":[{"count":6,"href":"https:\/\/colep-pk.com\/es\/wp-json\/wp\/v2\/pages\/2019\/revisions"}],"predecessor-version":[{"id":2128,"href":"https:\/\/colep-pk.com\/es\/wp-json\/wp\/v2\/pages\/2019\/revisions\/2128"}],"wp:attachment":[{"href":"https:\/\/colep-pk.com\/es\/wp-json\/wp\/v2\/media?parent=2019"}],"curies":[{"name":"wp","href":"https:\/\/api.w.org\/{rel}","templated":true}]}}