{"id":2016,"date":"2022-09-23T12:17:11","date_gmt":"2022-09-23T12:17:11","guid":{"rendered":"https:\/\/colep-pk.com\/politica-de-cookies\/"},"modified":"2022-12-14T18:56:34","modified_gmt":"2022-12-14T18:56:34","slug":"politica-de-cookies","status":"publish","type":"page","link":"https:\/\/colep-pk.com\/es\/politica-de-cookies\/","title":{"rendered":"Pol\u00edtica de Cookies"},"content":{"rendered":"\r\n\r\n\r\n\r\n\r\n\r\n\r\n\r\n\r\n<h2 class=\"has-medium-font-size\"><strong>\u00bfQue \u00e9s una cookie?<\/strong><\/h2>\r\n\r\n\r\n\r\n<p style=\"font-size: 16px;\">Las cookies son deliciosos bizcochos que se pueden comer con una taza de t\u00e9 o un caf\u00e9 con leche, sin embargo, las cookies tambi\u00e9n pueden ser peque\u00f1os archivos de datos que se almacenan en su computadora o dispositivo port\u00e1til, \u00a1desafortunadamente es este \u00faltimo el que estamos tratando aqu\u00ed! La mayor\u00eda de los sitios web que visite utilizar\u00e1n cookies para mejorar su experiencia de usuario al permitir que ese sitio web lo \u00abrecuerde\u00bb, ya sea durante su visita (usando una \u00abcookie de sesi\u00f3n\u00bb) o para visitas repetidas (usando una \u00abcookie persistente\u00bb ). Las cookies realizan muchos trabajos diferentes, como permitirle navegar entre p\u00e1ginas de manera eficiente, almacenar sus preferencias y, en general, mejorar su experiencia en un sitio web. Las cookies hacen que la interacci\u00f3n entre usted y el sitio web sea m\u00e1s r\u00e1pida y sencilla. Si un sitio web no utiliza cookies, pensar\u00e1 que usted es un nuevo visitante cada vez que se mueva a una nueva p\u00e1gina en el sitio; por ejemplo, cuando ingrese sus datos de inicio de sesi\u00f3n y se mueva a otra p\u00e1gina, no lo reconocer\u00e1 y no podr\u00e1 mantenerle conectado.<\/p>\r\n\r\n\r\n\r\n<h2 class=\"has-medium-font-size\"><strong>\u00bf<\/strong><strong>Que hay en una Cookie?<\/strong><\/h2>\r\n\r\n\r\n\r\n<p style=\"font-size: 16px;\">Cada cookie es \u00fanica para su navegador web. Contendr\u00e1 cierta informaci\u00f3n an\u00f3nima, como un identificador \u00fanico y el nombre del sitio y algunos d\u00edgitos y n\u00fameros. Permite que un sitio web recuerde cosas como sus preferencias o lo que hay en su cesta de la compra.<\/p>\r\n\r\n\r\n\r\n<h2 class=\"has-medium-font-size\"><strong>\u00bfQu\u00e9 hacer si no desea que se establezcan cookies?<\/strong><\/h2>\r\n\r\n\r\n\r\n<p style=\"font-size: 16px;\">Algunas personas encuentran un poco intrusiva la idea de que un sitio web almacene informaci\u00f3n en su computadora o dispositivo m\u00f3vil. Aunque esto generalmente es bastante inofensivo, es posible que, por ejemplo, no desee ver publicidad que se ha dirigido a sus intereses. Si lo prefiere, es posible bloquear algunas o todas las cookies, o incluso eliminar las cookies que ya se han configurado; pero debe tener en cuenta que podr\u00eda perder algunas funciones del sitio web. Puede bloquear las cookies accediendo al panel de control\/preferencias de su navegador. Las plataformas <a href=\"https:\/\/www.youronlinechoices.com\/\">youonlinechoice<\/a> y <a href=\"http:\/\/networkadvertising.org\/\">networkadvertising.org<\/a> ofrecen soluciones que le permiten administrar sus permisos relacionados con las cookies que utilizan las plataformas de publicidad digital.<\/p>\r\n","protected":false},"excerpt":{"rendered":"<p>\u00bfQue \u00e9s una cookie? Las cookies son deliciosos bizcochos que se pueden comer con una taza de t\u00e9 o un caf\u00e9 con leche, sin embargo, las cookies tambi\u00e9n pueden ser peque\u00f1os archivos de datos que se almacenan en su computadora o dispositivo port\u00e1til, \u00a1desafortunadamente es este \u00faltimo el que estamos tratando aqu\u00ed! La mayor\u00eda de [&hellip;]<\/p>\n","protected":false},"author":1,"featured_media":0,"parent":0,"menu_order":0,"comment_status":"closed","ping_status":"closed","template":"templates\/politica-privacidade.php","meta":[],"_links":{"self":[{"href":"https:\/\/colep-pk.com\/es\/wp-json\/wp\/v2\/pages\/2016"}],"collection":[{"href":"https:\/\/colep-pk.com\/es\/wp-json\/wp\/v2\/pages"}],"about":[{"href":"https:\/\/colep-pk.com\/es\/wp-json\/wp\/v2\/types\/page"}],"author":[{"embeddable":true,"href":"https:\/\/colep-pk.com\/es\/wp-json\/wp\/v2\/users\/1"}],"replies":[{"embeddable":true,"href":"https:\/\/colep-pk.com\/es\/wp-json\/wp\/v2\/comments?post=2016"}],"version-history":[{"count":1,"href":"https:\/\/colep-pk.com\/es\/wp-json\/wp\/v2\/pages\/2016\/revisions"}],"predecessor-version":[{"id":2601,"href":"https:\/\/colep-pk.com\/es\/wp-json\/wp\/v2\/pages\/2016\/revisions\/2601"}],"wp:attachment":[{"href":"https:\/\/colep-pk.com\/es\/wp-json\/wp\/v2\/media?parent=2016"}],"curies":[{"name":"wp","href":"https:\/\/api.w.org\/{rel}","templated":true}]}}